{"id":2906,"date":"2025-08-22T01:29:38","date_gmt":"2025-08-21T23:29:38","guid":{"rendered":"https:\/\/sport-vereint.de\/sobre-nosotros\/"},"modified":"2026-02-12T18:16:57","modified_gmt":"2026-02-12T17:16:57","slug":"sobre-nosotros","status":"publish","type":"page","link":"https:\/\/sport-vereint.de\/es\/sobre-nosotros\/","title":{"rendered":"Sobre nosotros"},"content":{"rendered":"\t\t<div data-elementor-type=\"wp-page\" data-elementor-id=\"2906\" class=\"elementor elementor-2906 elementor-74\" data-elementor-post-type=\"page\">\n\t\t\t\t<div class=\"elementor-element elementor-element-1b787ef e-flex e-con-boxed e-con e-parent\" data-id=\"1b787ef\" data-element_type=\"container\" data-e-type=\"container\">\n\t\t\t\t\t<div class=\"e-con-inner\">\n\t\t<div class=\"elementor-element elementor-element-e67cde3 e-con-full e-flex e-con e-child\" data-id=\"e67cde3\" data-element_type=\"container\" data-e-type=\"container\">\n\t\t\t\t<div class=\"elementor-element elementor-element-4e1622a elementor-widget elementor-widget-heading\" data-id=\"4e1622a\" data-element_type=\"widget\" data-e-type=\"widget\" data-widget_type=\"heading.default\">\n\t\t\t\t\t<h2 class=\"elementor-heading-title elementor-size-default\">Sobre nosotros<\/h2>\t\t\t\t<\/div>\n\t\t\t\t<div class=\"elementor-element elementor-element-0ece5d9 elementor-widget elementor-widget-heading\" data-id=\"0ece5d9\" data-element_type=\"widget\" data-e-type=\"widget\" data-widget_type=\"heading.default\">\n\t\t\t\t\t<h5 class=\"elementor-heading-title elementor-size-default\">Integraci\u00f3n a trav\u00e9s del deporte<br>Red Oberhavel<\/h5>\t\t\t\t<\/div>\n\t\t\t\t<\/div>\n\t\t<div class=\"elementor-element elementor-element-b7e4201 e-con-full e-flex e-con e-child\" data-id=\"b7e4201\" data-element_type=\"container\" data-e-type=\"container\">\n\t\t\t\t<div class=\"elementor-element elementor-element-a24612c elementor-widget elementor-widget-image\" data-id=\"a24612c\" data-element_type=\"widget\" data-e-type=\"widget\" data-widget_type=\"image.default\">\n\t\t\t\t\t\t\t\t\t\t\t\t\t\t\t<img fetchpriority=\"high\" decoding=\"async\" width=\"1920\" height=\"1280\" src=\"https:\/\/sport-vereint.de\/wp-content\/uploads\/2025\/09\/sport-vereint-image-gb-01.webp\" class=\"attachment-full size-full wp-image-2445\" alt=\"\" srcset=\"https:\/\/sport-vereint.de\/wp-content\/uploads\/2025\/09\/sport-vereint-image-gb-01.webp 1920w, https:\/\/sport-vereint.de\/wp-content\/uploads\/2025\/09\/sport-vereint-image-gb-01-300x200.webp 300w, https:\/\/sport-vereint.de\/wp-content\/uploads\/2025\/09\/sport-vereint-image-gb-01-1024x683.webp 1024w, https:\/\/sport-vereint.de\/wp-content\/uploads\/2025\/09\/sport-vereint-image-gb-01-768x512.webp 768w, https:\/\/sport-vereint.de\/wp-content\/uploads\/2025\/09\/sport-vereint-image-gb-01-1536x1024.webp 1536w\" sizes=\"(max-width: 1920px) 100vw, 1920px\" \/>\t\t\t\t\t\t\t\t\t\t\t\t\t\t\t<\/div>\n\t\t\t\t<\/div>\n\t\t\t\t\t<\/div>\n\t\t\t\t<\/div>\n\t\t<div class=\"elementor-element elementor-element-c8527ab e-flex e-con-boxed e-con e-parent\" data-id=\"c8527ab\" data-element_type=\"container\" data-e-type=\"container\">\n\t\t\t\t\t<div class=\"e-con-inner\">\n\t\t\t\t<div class=\"elementor-element elementor-element-1c8300a5 elementor-widget elementor-widget-heading\" data-id=\"1c8300a5\" data-element_type=\"widget\" data-e-type=\"widget\" data-widget_type=\"heading.default\">\n\t\t\t\t\t<h2 class=\"elementor-heading-title elementor-size-default\">Nuestra misi\u00f3n<\/h2>\t\t\t\t<\/div>\n\t\t<div class=\"elementor-element elementor-element-ac740bb e-con-full e-flex e-con e-child\" data-id=\"ac740bb\" data-element_type=\"container\" data-e-type=\"container\">\n\t\t\t\t<div class=\"elementor-element elementor-element-2ce79e5 elementor-widget elementor-widget-text-editor\" data-id=\"2ce79e5\" data-element_type=\"widget\" data-e-type=\"widget\" data-widget_type=\"text-editor.default\">\n\t\t\t\t\t\t\t\t\t<p>El deporte une, m\u00e1s all\u00e1 del idioma, la procedencia y las generaciones.<br>De esto se nutre el proyecto <b>\u00abIntegraci\u00f3n a trav\u00e9s del deporte en el distrito de Oberhavel\u00bb<\/b>, que fue financiado por el departamento de Migraci\u00f3n del <b>distrito de Oberhavel<\/b> desde el <b>1 de marzo hasta el 31 de diciembre de 2025<\/b> y llevado a cabo por <b>Familien-Sport-Verein-Oberhavel e.V.<\/b>.<br><br><\/p><h3>Nuestro objetivo com\u00fan:<\/h3><p><b>Unir a las personas.<\/b><br>A trav\u00e9s del movimiento, el juego y el encuentro, hemos fortalecido la integraci\u00f3n social de migrantes, hemos promovido su salud f\u00edsica y mental, hemos derribado barreras ling\u00fc\u00edsticas y hemos superado prejuicios. El deporte se ha convertido en la llave que abre las puertas al intercambio, la confianza y una convivencia respetuosa. <\/p><p>En todo el distrito de Oberhavel han surgido <b>grupos deportivos multiculturales<\/b>. La oferta se complement\u00f3 con <b>tres grandes jornadas deportivas abiertas<\/b>, en las que participaron activamente <b>m\u00e1s de 350 personas<\/b>: familias, ni\u00f1os, j\u00f3venes y adultos de entornos muy diferentes. Para nosotros fue especialmente importante: <b>participar desde el principio<\/b>. Las familias y los socios de la red participaron conscientemente en la planificaci\u00f3n y ejecuci\u00f3n de las jornadas deportivas familiares.  <\/p><p>Otro punto central fue el <b>fomento del idioma a trav\u00e9s del deporte<\/b>, as\u00ed como la creaci\u00f3n de estructuras sostenibles. En cursos de formaci\u00f3n, encuentros de la red y formatos pr\u00e1cticos se desarrollaron <b>programas de entrenamiento y t\u00e1ndems de entrenadores<\/b>. En total, se pudo cualificar a <b>ocho monitoras y monitores<\/b> para el trabajo con refugiados como <b>entrenadores de deporte popular C<\/b>.  <\/p><p>Una pieza clave del proyecto fue la <b>participaci\u00f3n activa de migrantes como multiplicadores, multiplicadoras, as\u00ed como monitoras y monitores<\/b>. Esto facilit\u00f3 considerablemente el acceso al deporte en los clubes, y los clubes deportivos pudieron crecer de forma m\u00e1s diversa, abierta y sostenible. <\/p><p>Con <b>sport-vereint.de<\/b> tambi\u00e9n hemos creado una base para que las ofertas deportivas en el distrito sean <b>claras, precisas y, sobre todo, multiling\u00fces<\/b>. La plataforma ayuda a los clubes a llegar a nuevos grupos objetivo e invita a las personas a descubrir ofertas de movimiento adecuadas en su entorno. <\/p><p>\ud83d\udc49 <b>\u00bfQuer\u00e9is integrar sport-vereint.de en la p\u00e1gina web de vuestro club o formar parte de la red?<\/b><br>Entonces, no dud\u00e9is en poneros en contacto con nosotros. \u00a1Estaremos encantados de intercambiar ideas!<\/p><p>Con un saludo deportivo<br><b>Vuestro Familien-Sport-Verein-Oberhavel e.V.<\/b><\/p>\t\t\t\t\t\t\t\t<\/div>\n\t\t\t\t<div class=\"elementor-element elementor-element-f419b1d elementor-blockquote--skin-border elementor-widget elementor-widget-blockquote\" data-id=\"f419b1d\" data-element_type=\"widget\" data-e-type=\"widget\" data-widget_type=\"blockquote.default\">\n\t\t\t\t\t\t\t<blockquote class=\"elementor-blockquote\">\n\t\t\t<p class=\"elementor-blockquote__content\">\n\t\t\t\tUn sincero agradecimiento al distrito de Oberhavel por la confianza, el apoyo y la oportunidad de desarrollar este proyecto juntos, y por la perspectiva de una continua buena colaboraci\u00f3n.\t\t\t<\/p>\n\t\t\t\t\t<\/blockquote>\n\t\t\t\t\t\t<\/div>\n\t\t\t\t<\/div>\n\t\t\t\t\t<\/div>\n\t\t\t\t<\/div>\n\t\t\t\t<\/div>\n\t\t","protected":false},"excerpt":{"rendered":"<p>Sobre nosotros Integraci\u00f3n a trav\u00e9s del deporteRed Oberhavel Nuestra misi\u00f3n El deporte une, m\u00e1s all\u00e1 del idioma, la procedencia y las generaciones.De esto se nutre el proyecto \u00abIntegraci\u00f3n a trav\u00e9s del deporte en el distrito de Oberhavel\u00bb, que fue financiado por el departamento de Migraci\u00f3n del distrito de Oberhavel desde el 1 de marzo hasta [&hellip;]<\/p>\n","protected":false},"author":2,"featured_media":0,"parent":0,"menu_order":5,"comment_status":"closed","ping_status":"closed","template":"elementor_header_footer","meta":{"footnotes":""},"class_list":["post-2906","page","type-page","status-publish","hentry"],"_links":{"self":[{"href":"https:\/\/sport-vereint.de\/es\/wp-json\/wp\/v2\/pages\/2906","targetHints":{"allow":["GET"]}}],"collection":[{"href":"https:\/\/sport-vereint.de\/es\/wp-json\/wp\/v2\/pages"}],"about":[{"href":"https:\/\/sport-vereint.de\/es\/wp-json\/wp\/v2\/types\/page"}],"author":[{"embeddable":true,"href":"https:\/\/sport-vereint.de\/es\/wp-json\/wp\/v2\/users\/2"}],"replies":[{"embeddable":true,"href":"https:\/\/sport-vereint.de\/es\/wp-json\/wp\/v2\/comments?post=2906"}],"version-history":[{"count":6,"href":"https:\/\/sport-vereint.de\/es\/wp-json\/wp\/v2\/pages\/2906\/revisions"}],"predecessor-version":[{"id":9717,"href":"https:\/\/sport-vereint.de\/es\/wp-json\/wp\/v2\/pages\/2906\/revisions\/9717"}],"wp:attachment":[{"href":"https:\/\/sport-vereint.de\/es\/wp-json\/wp\/v2\/media?parent=2906"}],"curies":[{"name":"wp","href":"https:\/\/api.w.org\/{rel}","templated":true}]}}